{"id":739,"date":"2021-02-17T17:42:39","date_gmt":"2021-02-17T14:42:39","guid":{"rendered":"http:\/\/baskinoran.com\/?page_id=739"},"modified":"2021-02-17T17:43:28","modified_gmt":"2021-02-17T14:43:28","slug":"cv","status":"publish","type":"page","link":"https:\/\/baskinoran.com\/en\/cv\/","title":{"rendered":"CV"},"content":{"rendered":"<p>Born 1945, \u0130zmir, Turkey. Graduated from the Faculty of Political Science (SBF; Ankara University) in 1968 and became an Assistant at the same Faculty. He received his PhD in 1974. While an Assistant Professor, he was discharged by the Military Government In Nov. 1982. Returned to his post in 1990 on a court ruling. He became a Full Professor of International Relations in 1997 and took Voluntary early retirement in 2006 from PSF where he still lectures. Married. Fluent in French and English besides Turkish.<br \/>\nAuthor of the \u201cMinority and Cultural Rights Report\u201d (2004). Main areas of interest: nationalism and minorities, religion-state relations, Turkish foreign policy.<\/p>\n<p><u>Other positions<\/u>:<br \/>\nHead, Int. Rel. chair, PSF (1998-2006); Nat. Liaison Officer to ECRI, CoE (1999-2009); Commentator, SBS Radio, Australia (1999-2006); Columnist, weekly\u00a0<em>Agos\u00a0<\/em>(since Feb. 2000) and weekly\u00a0<em>Radikal<\/em><em>\u00a0Iki<\/em>\u00a0(since April 2007); Member of Prime Ministry\u2019s Consultative Committee on Human Rights (since 2001).<\/p>\n<p><a href=\"http:\/\/www.baskinoran.com\/eng\/CV-Baskin_Oran-2009-05.pdf\"><u>Baskin Oran&#8217;s CV (PDF)<\/u><\/a><br \/>\nBaskin Oran&#8217;s Books, Articles and Newspaper Articles can be reached from the menu to the left.<\/p>\n","protected":false},"excerpt":{"rendered":"<p>Born 1945, \u0130zmir, Turkey. Graduated from the Faculty of Political Science (SBF; Ankara University) in 1968 and became an Assistant at the same Faculty. He received his PhD in 1974. While an Assistant Professor, he was discharged by the Military Government In Nov. 1982. Returned to his post in 1990 on a court ruling. He [&hellip;]<\/p>\n","protected":false},"author":1,"featured_media":0,"parent":0,"menu_order":0,"comment_status":"closed","ping_status":"closed","template":"","meta":{"footnotes":""},"class_list":["post-739","page","type-page","status-publish","hentry"],"yoast_head":"<!-- This site is optimized with the Yoast SEO plugin v16.8 - https:\/\/yoast.com\/wordpress\/plugins\/seo\/ -->\n<title>CV - Bask\u0131n Oran<\/title>\n<meta name=\"robots\" content=\"index, follow, max-snippet:-1, max-image-preview:large, max-video-preview:-1\" \/>\n<link rel=\"canonical\" href=\"https:\/\/baskinoran.com\/en\/cv\/\" \/>\n<meta property=\"og:locale\" content=\"en_US\" \/>\n<meta property=\"og:type\" content=\"article\" \/>\n<meta property=\"og:title\" content=\"CV - Bask\u0131n Oran\" \/>\n<meta property=\"og:description\" content=\"Born 1945, \u0130zmir, Turkey. Graduated from the Faculty of Political Science (SBF; Ankara University) in 1968 and became an Assistant at the same Faculty. He received his PhD in 1974. While an Assistant Professor, he was discharged by the Military Government In Nov. 1982. Returned to his post in 1990 on a court ruling. He [&hellip;]\" \/>\n<meta property=\"og:url\" content=\"https:\/\/baskinoran.com\/en\/cv\/\" \/>\n<meta property=\"og:site_name\" content=\"Bask\u0131n Oran\" \/>\n<meta property=\"article:modified_time\" content=\"2021-02-17T14:43:28+00:00\" \/>\n<meta name=\"twitter:card\" content=\"summary_large_image\" \/>\n<meta name=\"twitter:label1\" content=\"Est. reading time\" \/>\n\t<meta name=\"twitter:data1\" content=\"1 minute\" \/>\n<script type=\"application\/ld+json\" class=\"yoast-schema-graph\">{\"@context\":\"https:\/\/schema.org\",\"@graph\":[{\"@type\":\"Organization\",\"@id\":\"https:\/\/baskinoran.com\/#organization\",\"name\":\"Bask\\u0131n ORAN Emekli \\u00f6\\u011fretim \\u00fcyesi\",\"url\":\"https:\/\/baskinoran.com\/\",\"sameAs\":[],\"logo\":{\"@type\":\"ImageObject\",\"@id\":\"https:\/\/baskinoran.com\/#logo\",\"inLanguage\":\"en-US\",\"url\":\"https:\/\/baskinoran.com\/wp-content\/uploads\/2021\/08\/cropped-baskin-oran-ana-banner_1-270x270-1.jpeg\",\"contentUrl\":\"https:\/\/baskinoran.com\/wp-content\/uploads\/2021\/08\/cropped-baskin-oran-ana-banner_1-270x270-1.jpeg\",\"width\":270,\"height\":270,\"caption\":\"Bask\\u0131n ORAN Emekli \\u00f6\\u011fretim \\u00fcyesi\"},\"image\":{\"@id\":\"https:\/\/baskinoran.com\/#logo\"}},{\"@type\":\"WebSite\",\"@id\":\"https:\/\/baskinoran.com\/#website\",\"url\":\"https:\/\/baskinoran.com\/\",\"name\":\"Bask\\u0131n Oran Emekli \\u00f6\\u011fretim \\u00fcyesi\",\"description\":\"Emekli \\u00f6\\u011fretim \\u00fcyesi\",\"publisher\":{\"@id\":\"https:\/\/baskinoran.com\/#organization\"},\"potentialAction\":[{\"@type\":\"SearchAction\",\"target\":{\"@type\":\"EntryPoint\",\"urlTemplate\":\"https:\/\/baskinoran.com\/?s={search_term_string}\"},\"query-input\":\"required name=search_term_string\"}],\"inLanguage\":\"en-US\"},{\"@type\":\"WebPage\",\"@id\":\"https:\/\/baskinoran.com\/en\/cv\/#webpage\",\"url\":\"https:\/\/baskinoran.com\/en\/cv\/\",\"name\":\"CV - Bask\\u0131n Oran\",\"isPartOf\":{\"@id\":\"https:\/\/baskinoran.com\/#website\"},\"datePublished\":\"2021-02-17T14:42:39+00:00\",\"dateModified\":\"2021-02-17T14:43:28+00:00\",\"breadcrumb\":{\"@id\":\"https:\/\/baskinoran.com\/en\/cv\/#breadcrumb\"},\"inLanguage\":\"en-US\",\"potentialAction\":[{\"@type\":\"ReadAction\",\"target\":[\"https:\/\/baskinoran.com\/en\/cv\/\"]}]},{\"@type\":\"BreadcrumbList\",\"@id\":\"https:\/\/baskinoran.com\/en\/cv\/#breadcrumb\",\"itemListElement\":[{\"@type\":\"ListItem\",\"position\":1,\"name\":\"Home\",\"item\":\"https:\/\/baskinoran.com\/en\/\"},{\"@type\":\"ListItem\",\"position\":2,\"name\":\"CV\"}]}]}<\/script>\n<!-- \/ Yoast SEO plugin. -->","yoast_head_json":{"title":"CV - Bask\u0131n Oran","robots":{"index":"index","follow":"follow","max-snippet":"max-snippet:-1","max-image-preview":"max-image-preview:large","max-video-preview":"max-video-preview:-1"},"canonical":"https:\/\/baskinoran.com\/en\/cv\/","og_locale":"en_US","og_type":"article","og_title":"CV - Bask\u0131n Oran","og_description":"Born 1945, \u0130zmir, Turkey. Graduated from the Faculty of Political Science (SBF; Ankara University) in 1968 and became an Assistant at the same Faculty. He received his PhD in 1974. While an Assistant Professor, he was discharged by the Military Government In Nov. 1982. Returned to his post in 1990 on a court ruling. He [&hellip;]","og_url":"https:\/\/baskinoran.com\/en\/cv\/","og_site_name":"Bask\u0131n Oran","article_modified_time":"2021-02-17T14:43:28+00:00","twitter_card":"summary_large_image","twitter_misc":{"Est. reading time":"1 minute"},"schema":{"@context":"https:\/\/schema.org","@graph":[{"@type":"Organization","@id":"https:\/\/baskinoran.com\/#organization","name":"Bask\u0131n ORAN Emekli \u00f6\u011fretim \u00fcyesi","url":"https:\/\/baskinoran.com\/","sameAs":[],"logo":{"@type":"ImageObject","@id":"https:\/\/baskinoran.com\/#logo","inLanguage":"en-US","url":"https:\/\/baskinoran.com\/wp-content\/uploads\/2021\/08\/cropped-baskin-oran-ana-banner_1-270x270-1.jpeg","contentUrl":"https:\/\/baskinoran.com\/wp-content\/uploads\/2021\/08\/cropped-baskin-oran-ana-banner_1-270x270-1.jpeg","width":270,"height":270,"caption":"Bask\u0131n ORAN Emekli \u00f6\u011fretim \u00fcyesi"},"image":{"@id":"https:\/\/baskinoran.com\/#logo"}},{"@type":"WebSite","@id":"https:\/\/baskinoran.com\/#website","url":"https:\/\/baskinoran.com\/","name":"Bask\u0131n Oran Emekli \u00f6\u011fretim \u00fcyesi","description":"Emekli \u00f6\u011fretim \u00fcyesi","publisher":{"@id":"https:\/\/baskinoran.com\/#organization"},"potentialAction":[{"@type":"SearchAction","target":{"@type":"EntryPoint","urlTemplate":"https:\/\/baskinoran.com\/?s={search_term_string}"},"query-input":"required name=search_term_string"}],"inLanguage":"en-US"},{"@type":"WebPage","@id":"https:\/\/baskinoran.com\/en\/cv\/#webpage","url":"https:\/\/baskinoran.com\/en\/cv\/","name":"CV - Bask\u0131n Oran","isPartOf":{"@id":"https:\/\/baskinoran.com\/#website"},"datePublished":"2021-02-17T14:42:39+00:00","dateModified":"2021-02-17T14:43:28+00:00","breadcrumb":{"@id":"https:\/\/baskinoran.com\/en\/cv\/#breadcrumb"},"inLanguage":"en-US","potentialAction":[{"@type":"ReadAction","target":["https:\/\/baskinoran.com\/en\/cv\/"]}]},{"@type":"BreadcrumbList","@id":"https:\/\/baskinoran.com\/en\/cv\/#breadcrumb","itemListElement":[{"@type":"ListItem","position":1,"name":"Home","item":"https:\/\/baskinoran.com\/en\/"},{"@type":"ListItem","position":2,"name":"CV"}]}]}},"_links":{"self":[{"href":"https:\/\/baskinoran.com\/en\/wp-json\/wp\/v2\/pages\/739","targetHints":{"allow":["GET"]}}],"collection":[{"href":"https:\/\/baskinoran.com\/en\/wp-json\/wp\/v2\/pages"}],"about":[{"href":"https:\/\/baskinoran.com\/en\/wp-json\/wp\/v2\/types\/page"}],"author":[{"embeddable":true,"href":"https:\/\/baskinoran.com\/en\/wp-json\/wp\/v2\/users\/1"}],"replies":[{"embeddable":true,"href":"https:\/\/baskinoran.com\/en\/wp-json\/wp\/v2\/comments?post=739"}],"version-history":[{"count":2,"href":"https:\/\/baskinoran.com\/en\/wp-json\/wp\/v2\/pages\/739\/revisions"}],"predecessor-version":[{"id":741,"href":"https:\/\/baskinoran.com\/en\/wp-json\/wp\/v2\/pages\/739\/revisions\/741"}],"wp:attachment":[{"href":"https:\/\/baskinoran.com\/en\/wp-json\/wp\/v2\/media?parent=739"}],"curies":[{"name":"wp","href":"https:\/\/api.w.org\/{rel}","templated":true}]}}